{"id":13490,"date":"2026-04-24T11:18:58","date_gmt":"2026-04-24T09:18:58","guid":{"rendered":"https:\/\/www.surf-makkum.com\/wingen\/"},"modified":"2026-04-24T11:18:59","modified_gmt":"2026-04-24T09:18:59","slug":"wingen","status":"publish","type":"page","link":"https:\/\/www.surf-makkum.com\/de\/wingen\/","title":{"rendered":"Wingen"},"content":{"rendered":"\t\t<div data-elementor-type=\"wp-page\" data-elementor-id=\"13490\" class=\"elementor elementor-13490 elementor-13102\" data-elementor-post-type=\"page\">\n\t\t\t\t\t\t<section class=\"elementor-section elementor-top-section elementor-element elementor-element-b249dd4 elementor-section-height-min-height banner elementor-section-boxed elementor-section-height-default elementor-section-items-middle\" data-id=\"b249dd4\" data-element_type=\"section\" data-e-type=\"section\" data-settings=\"{&quot;background_background&quot;:&quot;classic&quot;,&quot;shape_divider_bottom&quot;:&quot;triangle&quot;,&quot;shape_divider_bottom_negative&quot;:&quot;yes&quot;}\">\n\t\t\t\t\t\t\t<div class=\"elementor-background-overlay\"><\/div>\n\t\t\t\t\t\t<div class=\"elementor-shape elementor-shape-bottom\" aria-hidden=\"true\" data-negative=\"true\">\n\t\t\t<svg xmlns=\"http:\/\/www.w3.org\/2000\/svg\" viewBox=\"0 0 1000 100\" preserveAspectRatio=\"none\">\n\t<path class=\"elementor-shape-fill\" d=\"M500.2,94.7L0,0v100h1000V0L500.2,94.7z\"\/>\n<\/svg>\t\t<\/div>\n\t\t\t\t\t<div class=\"elementor-container elementor-column-gap-default\">\n\t\t\t\t\t<div class=\"elementor-column elementor-col-100 elementor-top-column elementor-element elementor-element-3db8045\" data-id=\"3db8045\" data-element_type=\"column\" data-e-type=\"column\">\n\t\t\t<div class=\"elementor-widget-wrap elementor-element-populated\">\n\t\t\t\t\t\t<div class=\"elementor-element elementor-element-82a0d41 page-title elementor-widget elementor-widget-heading\" data-id=\"82a0d41\" data-element_type=\"widget\" data-e-type=\"widget\" data-widget_type=\"heading.default\">\n\t\t\t\t<div class=\"elementor-widget-container\">\n\t\t\t\t\t<h1 class=\"elementor-heading-title elementor-size-default\">WINGSURF<\/h1>\t\t\t\t<\/div>\n\t\t\t\t<\/div>\n\t\t\t\t<div class=\"elementor-element elementor-element-89e2166 elementor-widget elementor-widget-heading\" data-id=\"89e2166\" data-element_type=\"widget\" data-e-type=\"widget\" data-widget_type=\"heading.default\">\n\t\t\t\t<div class=\"elementor-widget-container\">\n\t\t\t\t\t<h3 class=\"elementor-heading-title elementor-size-default\">kurse<\/h3>\t\t\t\t<\/div>\n\t\t\t\t<\/div>\n\t\t\t\t\t<\/div>\n\t\t<\/div>\n\t\t\t\t\t<\/div>\n\t\t<\/section>\n\t\t\t\t<section class=\"elementor-section elementor-top-section elementor-element elementor-element-783ab0a space elementor-section-boxed elementor-section-height-default elementor-section-height-default\" data-id=\"783ab0a\" data-element_type=\"section\" data-e-type=\"section\">\n\t\t\t\t\t\t<div class=\"elementor-container elementor-column-gap-default\">\n\t\t\t\t\t<div class=\"elementor-column elementor-col-33 elementor-top-column elementor-element elementor-element-fcba604\" data-id=\"fcba604\" data-element_type=\"column\" data-e-type=\"column\">\n\t\t\t<div class=\"elementor-widget-wrap\">\n\t\t\t\t\t\t\t<\/div>\n\t\t<\/div>\n\t\t\t\t<div class=\"elementor-column elementor-col-33 elementor-top-column elementor-element elementor-element-0b06b51\" data-id=\"0b06b51\" data-element_type=\"column\" data-e-type=\"column\">\n\t\t\t<div class=\"elementor-widget-wrap elementor-element-populated\">\n\t\t\t\t\t\t<div class=\"elementor-element elementor-element-3aa74d3 elementor-widget elementor-widget-text-editor\" data-id=\"3aa74d3\" data-element_type=\"widget\" data-e-type=\"widget\" data-widget_type=\"text-editor.default\">\n\t\t\t\t<div class=\"elementor-widget-container\">\n\t\t\t\t\t\t\t\t\t<p>Wingsurfen in Makkum ist eine gute Kombination. Probiere diesen neuen Trend auch bei Surf N Sail Makkum aus. Wingsurfen ist eine sehr zug\u00e4ngliche Sportart f\u00fcr Jung und Alt. Bei Surf N Sail Makkum geben wir dir in 1,5 Stunden eine Einf\u00fchrung ins Wingsurfen. Die Kurse beinhalten Wing, Wingsurfboard, einen Neoprenanzug und einen begeisterten Instruktor.<\/p>\n\t\t\t\t\t\t\t\t<\/div>\n\t\t\t\t<\/div>\n\t\t\t\t\t<\/div>\n\t\t<\/div>\n\t\t\t\t<div class=\"elementor-column elementor-col-33 elementor-top-column elementor-element elementor-element-edb1450\" data-id=\"edb1450\" data-element_type=\"column\" data-e-type=\"column\">\n\t\t\t<div class=\"elementor-widget-wrap\">\n\t\t\t\t\t\t\t<\/div>\n\t\t<\/div>\n\t\t\t\t\t<\/div>\n\t\t<\/section>\n\t\t\t\t<section class=\"elementor-section elementor-top-section elementor-element elementor-element-64f05d8 space purple-section2 elementor-section-boxed elementor-section-height-default elementor-section-height-default\" data-id=\"64f05d8\" data-element_type=\"section\" data-e-type=\"section\" data-settings=\"{&quot;background_background&quot;:&quot;classic&quot;}\">\n\t\t\t\t\t\t\t<div class=\"elementor-background-overlay\"><\/div>\n\t\t\t\t\t\t\t<div class=\"elementor-container elementor-column-gap-default\">\n\t\t\t\t\t<div class=\"elementor-column elementor-col-100 elementor-top-column elementor-element elementor-element-e3e93d9\" data-id=\"e3e93d9\" data-element_type=\"column\" data-e-type=\"column\">\n\t\t\t<div class=\"elementor-widget-wrap elementor-element-populated\">\n\t\t\t\t\t\t<div class=\"elementor-element elementor-element-8c89121 elementor-widget elementor-widget-heading\" data-id=\"8c89121\" data-element_type=\"widget\" data-e-type=\"widget\" data-widget_type=\"heading.default\">\n\t\t\t\t<div class=\"elementor-widget-container\">\n\t\t\t\t\t<h2 class=\"elementor-heading-title elementor-size-default\">WINGSURFLES buchen<\/h2>\t\t\t\t<\/div>\n\t\t\t\t<\/div>\n\t\t\t\t<section class=\"elementor-section elementor-inner-section elementor-element elementor-element-4073a65 elementor-section-boxed elementor-section-height-default elementor-section-height-default\" data-id=\"4073a65\" data-element_type=\"section\" data-e-type=\"section\">\n\t\t\t\t\t\t<div class=\"elementor-container elementor-column-gap-default\">\n\t\t\t\t\t<div class=\"elementor-column elementor-col-50 elementor-inner-column elementor-element elementor-element-263e233 orange-box\" data-id=\"263e233\" data-element_type=\"column\" data-e-type=\"column\" data-settings=\"{&quot;background_background&quot;:&quot;classic&quot;}\">\n\t\t\t<div class=\"elementor-widget-wrap elementor-element-populated\">\n\t\t\t\t\t\t<div class=\"elementor-element elementor-element-f0dd6f5 elementor-widget elementor-widget-heading\" data-id=\"f0dd6f5\" data-element_type=\"widget\" data-e-type=\"widget\" data-widget_type=\"heading.default\">\n\t\t\t\t<div class=\"elementor-widget-container\">\n\t\t\t\t\t<h3 class=\"elementor-heading-title elementor-size-default\">Titel<\/h3>\t\t\t\t<\/div>\n\t\t\t\t<\/div>\n\t\t\t\t<div class=\"elementor-element elementor-element-1d1e8e4 elementor-widget elementor-widget-wp-widget-custom_html\" data-id=\"1d1e8e4\" data-element_type=\"widget\" data-e-type=\"widget\" data-widget_type=\"wp-widget-custom_html.default\">\n\t\t\t\t<div class=\"elementor-widget-container\">\n\t\t\t\t\t<div class=\"textwidget custom-html-widget\"><p>Tekst<\/p>\n<\/div>\t\t\t\t<\/div>\n\t\t\t\t<\/div>\n\t\t\t\t<div class=\"elementor-element elementor-element-bcbabed elementor-widget elementor-widget-wp-widget-custom_html\" data-id=\"bcbabed\" data-element_type=\"widget\" data-e-type=\"widget\" data-widget_type=\"wp-widget-custom_html.default\">\n\t\t\t\t<div class=\"elementor-widget-container\">\n\t\t\t\t\t<h5>Dauer:<\/h5><div class=\"textwidget custom-html-widget\"><p>? Stunden<\/p>\n<\/div>\t\t\t\t<\/div>\n\t\t\t\t<\/div>\n\t\t\t\t<div class=\"elementor-element elementor-element-d388a87 elementor-widget elementor-widget-wp-widget-custom_html\" data-id=\"d388a87\" data-element_type=\"widget\" data-e-type=\"widget\" data-widget_type=\"wp-widget-custom_html.default\">\n\t\t\t\t<div class=\"elementor-widget-container\">\n\t\t\t\t\t<h5>Preis:<\/h5><div class=\"textwidget custom-html-widget\"><p>\u20ac ??,-<\/p>\n<\/div>\t\t\t\t<\/div>\n\t\t\t\t<\/div>\n\t\t\t\t<div class=\"elementor-element elementor-element-b3182fb orange-item text-white elementor-widget elementor-widget-wp-widget-custom_html\" data-id=\"b3182fb\" data-element_type=\"widget\" data-e-type=\"widget\" data-widget_type=\"wp-widget-custom_html.default\">\n\t\t\t\t<div class=\"elementor-widget-container\">\n\t\t\t\t\t<div class=\"textwidget custom-html-widget\"><p><a href=\"https:\/\/www.surf-makkum.com\/contact\/\">Anrufen \/ E-mail<\/a><\/p>\n<\/div>\t\t\t\t<\/div>\n\t\t\t\t<\/div>\n\t\t\t\t\t<\/div>\n\t\t<\/div>\n\t\t\t\t<div class=\"elementor-column elementor-col-50 elementor-inner-column elementor-element elementor-element-e64e002 orange-box\" data-id=\"e64e002\" data-element_type=\"column\" data-e-type=\"column\" data-settings=\"{&quot;background_background&quot;:&quot;classic&quot;}\">\n\t\t\t<div class=\"elementor-widget-wrap elementor-element-populated\">\n\t\t\t\t\t\t<div class=\"elementor-element elementor-element-8321dfd elementor-widget elementor-widget-heading\" data-id=\"8321dfd\" data-element_type=\"widget\" data-e-type=\"widget\" data-widget_type=\"heading.default\">\n\t\t\t\t<div class=\"elementor-widget-container\">\n\t\t\t\t\t<h3 class=\"elementor-heading-title elementor-size-default\">Titel<\/h3>\t\t\t\t<\/div>\n\t\t\t\t<\/div>\n\t\t\t\t<div class=\"elementor-element elementor-element-18d7500 elementor-widget elementor-widget-wp-widget-custom_html\" data-id=\"18d7500\" data-element_type=\"widget\" data-e-type=\"widget\" data-widget_type=\"wp-widget-custom_html.default\">\n\t\t\t\t<div class=\"elementor-widget-container\">\n\t\t\t\t\t<div class=\"textwidget custom-html-widget\"><p>Tekst<\/p>\n<\/div>\t\t\t\t<\/div>\n\t\t\t\t<\/div>\n\t\t\t\t<div class=\"elementor-element elementor-element-041862c elementor-widget elementor-widget-wp-widget-custom_html\" data-id=\"041862c\" data-element_type=\"widget\" data-e-type=\"widget\" data-widget_type=\"wp-widget-custom_html.default\">\n\t\t\t\t<div class=\"elementor-widget-container\">\n\t\t\t\t\t<h5>Duur:<\/h5><div class=\"textwidget custom-html-widget\"><p>? Stunden<\/p>\n<\/div>\t\t\t\t<\/div>\n\t\t\t\t<\/div>\n\t\t\t\t<div class=\"elementor-element elementor-element-1b6cef3 elementor-widget elementor-widget-wp-widget-custom_html\" data-id=\"1b6cef3\" data-element_type=\"widget\" data-e-type=\"widget\" data-widget_type=\"wp-widget-custom_html.default\">\n\t\t\t\t<div class=\"elementor-widget-container\">\n\t\t\t\t\t<h5>Prijs:<\/h5><div class=\"textwidget custom-html-widget\"><p>\u20ac  ??,-<\/p>\n<\/div>\t\t\t\t<\/div>\n\t\t\t\t<\/div>\n\t\t\t\t<div class=\"elementor-element elementor-element-09ae2c1 orange-item text-white elementor-widget elementor-widget-wp-widget-custom_html\" data-id=\"09ae2c1\" data-element_type=\"widget\" data-e-type=\"widget\" data-widget_type=\"wp-widget-custom_html.default\">\n\t\t\t\t<div class=\"elementor-widget-container\">\n\t\t\t\t\t<div class=\"textwidget custom-html-widget\"><p><a href=\"https:\/\/www.surf-makkum.com\/contact\/\">Anrufen \/ E-mail<\/a><\/p>\n<\/div>\t\t\t\t<\/div>\n\t\t\t\t<\/div>\n\t\t\t\t\t<\/div>\n\t\t<\/div>\n\t\t\t\t\t<\/div>\n\t\t<\/section>\n\t\t\t\t\t<\/div>\n\t\t<\/div>\n\t\t\t\t\t<\/div>\n\t\t<\/section>\n\t\t\t\t<section class=\"elementor-section elementor-top-section elementor-element elementor-element-8485e03 space elementor-section-boxed elementor-section-height-default elementor-section-height-default\" data-id=\"8485e03\" data-element_type=\"section\" data-e-type=\"section\">\n\t\t\t\t\t\t<div class=\"elementor-container elementor-column-gap-default\">\n\t\t\t\t\t<div class=\"elementor-column elementor-col-100 elementor-top-column elementor-element elementor-element-167a297\" data-id=\"167a297\" data-element_type=\"column\" data-e-type=\"column\">\n\t\t\t<div class=\"elementor-widget-wrap elementor-element-populated\">\n\t\t\t\t\t\t<div class=\"elementor-element elementor-element-3113683 elementor-widget elementor-widget-image-gallery\" data-id=\"3113683\" data-element_type=\"widget\" data-e-type=\"widget\" data-widget_type=\"image-gallery.default\">\n\t\t\t\t<div class=\"elementor-widget-container\">\n\t\t\t\t\t\t\t<div class=\"elementor-image-gallery\">\n\t\t\t\n\t\t<style type=\"text\/css\">\n\t\t\t#gallery-1 {\n\t\t\t\tmargin: auto;\n\t\t\t}\n\t\t\t#gallery-1 .gallery-item {\n\t\t\t\tfloat: left;\n\t\t\t\tmargin-top: 10px;\n\t\t\t\ttext-align: center;\n\t\t\t\twidth: 33%;\n\t\t\t}\n\t\t\t#gallery-1 img {\n\t\t\t\tborder: 2px solid #cfcfcf;\n\t\t\t}\n\t\t\t#gallery-1 .gallery-caption {\n\t\t\t\tmargin-left: 0;\n\t\t\t}\n\t\t\t\/* see gallery_shortcode() in wp-includes\/media.php *\/\n\t\t<\/style>\n\t\t<div id='gallery-1' class='gallery galleryid-13490 gallery-columns-3 gallery-size-full'><dl class='gallery-item'>\n\t\t\t<dt class='gallery-icon landscape'>\n\t\t\t\t<img fetchpriority=\"high\" decoding=\"async\" width=\"600\" height=\"300\" src=\"https:\/\/www.surf-makkum.com\/wp-content\/uploads\/2021\/03\/Logos_Merken-7.png\" class=\"attachment-full size-full\" alt=\"\" srcset=\"https:\/\/www.surf-makkum.com\/wp-content\/uploads\/2021\/03\/Logos_Merken-7.png 600w, https:\/\/www.surf-makkum.com\/wp-content\/uploads\/2021\/03\/Logos_Merken-7-250x125.png 250w, https:\/\/www.surf-makkum.com\/wp-content\/uploads\/2021\/03\/Logos_Merken-7-120x60.png 120w\" sizes=\"(max-width: 600px) 100vw, 600px\" \/>\n\t\t\t<\/dt><\/dl><dl class='gallery-item'>\n\t\t\t<dt class='gallery-icon landscape'>\n\t\t\t\t<img decoding=\"async\" width=\"600\" height=\"300\" src=\"https:\/\/www.surf-makkum.com\/wp-content\/uploads\/2021\/03\/Logos_Merken-9.png\" class=\"attachment-full size-full\" alt=\"\" srcset=\"https:\/\/www.surf-makkum.com\/wp-content\/uploads\/2021\/03\/Logos_Merken-9.png 600w, https:\/\/www.surf-makkum.com\/wp-content\/uploads\/2021\/03\/Logos_Merken-9-250x125.png 250w, https:\/\/www.surf-makkum.com\/wp-content\/uploads\/2021\/03\/Logos_Merken-9-120x60.png 120w\" sizes=\"(max-width: 600px) 100vw, 600px\" \/>\n\t\t\t<\/dt><\/dl><dl class='gallery-item'>\n\t\t\t<dt class='gallery-icon landscape'>\n\t\t\t\t<img decoding=\"async\" width=\"600\" height=\"300\" src=\"https:\/\/www.surf-makkum.com\/wp-content\/uploads\/2021\/03\/Logos_Merken-6.png\" class=\"attachment-full size-full\" alt=\"\" srcset=\"https:\/\/www.surf-makkum.com\/wp-content\/uploads\/2021\/03\/Logos_Merken-6.png 600w, https:\/\/www.surf-makkum.com\/wp-content\/uploads\/2021\/03\/Logos_Merken-6-250x125.png 250w, https:\/\/www.surf-makkum.com\/wp-content\/uploads\/2021\/03\/Logos_Merken-6-120x60.png 120w\" sizes=\"(max-width: 600px) 100vw, 600px\" \/>\n\t\t\t<\/dt><\/dl><br style=\"clear: both\" \/>\n\t\t<\/div>\n\t\t<\/div>\n\t\t\t\t\t\t<\/div>\n\t\t\t\t<\/div>\n\t\t\t\t\t<\/div>\n\t\t<\/div>\n\t\t\t\t\t<\/div>\n\t\t<\/section>\n\t\t\t\t<\/div>\n\t\t","protected":false},"excerpt":{"rendered":"WINGSURF kurse Wingsurfen in Makkum ist eine gute Kombination. Probiere diesen neuen Trend auch bei Surf N Sail Makkum aus. Wingsurfen ist eine sehr zug\u00e4ngliche Sportart f\u00fcr Jung und Alt. Bei Surf N Sail Makkum geben wir dir in 1,5 Stunden eine Einf\u00fchrung ins Wingsurfen. Die Kurse beinhalten Wing, Wingsurfboard, einen Neoprenanzug und einen begeisterten&#8230; <a class=\"view-article\" href=\"https:\/\/www.surf-makkum.com\/de\/wingen\/\">View Article<\/a>","protected":false},"author":12,"featured_media":0,"parent":0,"menu_order":0,"comment_status":"closed","ping_status":"closed","template":"","meta":{"footnotes":""},"class_list":["post-13490","page","type-page","status-publish","hentry"],"yoast_head":"<!-- This site is optimized with the Yoast SEO plugin v27.3 - https:\/\/yoast.com\/product\/yoast-seo-wordpress\/ -->\n<title>Wingen | Catamaran | Surf N Sail<\/title>\n<meta name=\"description\" content=\"Wingsurfen ist eine sehr zug\u00e4ngliche Sportart f\u00fcr Jung und Alt. Bei Surf N Sail Makkum geben wir dir in 1,5 Stunden eine Einf\u00fchrung ins Wingsurfen\" \/>\n<meta name=\"robots\" content=\"index, follow, max-snippet:-1, max-image-preview:large, max-video-preview:-1\" \/>\n<link rel=\"canonical\" href=\"https:\/\/www.surf-makkum.com\/de\/wingen\/\" \/>\n<meta property=\"og:locale\" content=\"de_DE\" \/>\n<meta property=\"og:type\" content=\"article\" \/>\n<meta property=\"og:title\" content=\"Wingen | Catamaran | Surf N Sail\" \/>\n<meta property=\"og:description\" content=\"Wingsurfen ist eine sehr zug\u00e4ngliche Sportart f\u00fcr Jung und Alt. Bei Surf N Sail Makkum geben wir dir in 1,5 Stunden eine Einf\u00fchrung ins Wingsurfen\" \/>\n<meta property=\"og:url\" content=\"https:\/\/www.surf-makkum.com\/de\/wingen\/\" \/>\n<meta property=\"og:site_name\" content=\"Surf N Sail Makkum\" \/>\n<meta property=\"article:publisher\" content=\"https:\/\/nl-nl.facebook.com\/surfnsailmakkum\/\" \/>\n<meta property=\"article:modified_time\" content=\"2026-04-24T09:18:59+00:00\" \/>\n<meta property=\"og:image\" content=\"https:\/\/www.surf-makkum.com\/wp-content\/uploads\/2021\/03\/Logos_Merken-7.png\" \/>\n<meta name=\"twitter:card\" content=\"summary_large_image\" \/>\n<script type=\"application\/ld+json\" class=\"yoast-schema-graph\">{\"@context\":\"https:\\\/\\\/schema.org\",\"@graph\":[{\"@type\":\"WebPage\",\"@id\":\"https:\\\/\\\/www.surf-makkum.com\\\/de\\\/wingen\\\/\",\"url\":\"https:\\\/\\\/www.surf-makkum.com\\\/de\\\/wingen\\\/\",\"name\":\"Wingen | Catamaran | Surf N Sail\",\"isPartOf\":{\"@id\":\"https:\\\/\\\/www.surf-makkum.com\\\/#website\"},\"primaryImageOfPage\":{\"@id\":\"https:\\\/\\\/www.surf-makkum.com\\\/de\\\/wingen\\\/#primaryimage\"},\"image\":{\"@id\":\"https:\\\/\\\/www.surf-makkum.com\\\/de\\\/wingen\\\/#primaryimage\"},\"thumbnailUrl\":\"https:\\\/\\\/www.surf-makkum.com\\\/wp-content\\\/uploads\\\/2021\\\/03\\\/Logos_Merken-7.png\",\"datePublished\":\"2026-04-24T09:18:58+00:00\",\"dateModified\":\"2026-04-24T09:18:59+00:00\",\"description\":\"Wingsurfen ist eine sehr zug\u00e4ngliche Sportart f\u00fcr Jung und Alt. Bei Surf N Sail Makkum geben wir dir in 1,5 Stunden eine Einf\u00fchrung ins Wingsurfen\",\"breadcrumb\":{\"@id\":\"https:\\\/\\\/www.surf-makkum.com\\\/de\\\/wingen\\\/#breadcrumb\"},\"inLanguage\":\"de\",\"potentialAction\":[{\"@type\":\"ReadAction\",\"target\":[\"https:\\\/\\\/www.surf-makkum.com\\\/de\\\/wingen\\\/\"]}]},{\"@type\":\"ImageObject\",\"inLanguage\":\"de\",\"@id\":\"https:\\\/\\\/www.surf-makkum.com\\\/de\\\/wingen\\\/#primaryimage\",\"url\":\"https:\\\/\\\/www.surf-makkum.com\\\/wp-content\\\/uploads\\\/2021\\\/03\\\/Logos_Merken-7.png\",\"contentUrl\":\"https:\\\/\\\/www.surf-makkum.com\\\/wp-content\\\/uploads\\\/2021\\\/03\\\/Logos_Merken-7.png\"},{\"@type\":\"BreadcrumbList\",\"@id\":\"https:\\\/\\\/www.surf-makkum.com\\\/de\\\/wingen\\\/#breadcrumb\",\"itemListElement\":[{\"@type\":\"ListItem\",\"position\":1,\"name\":\"Home\",\"item\":\"https:\\\/\\\/www.surf-makkum.com\\\/de\\\/\"},{\"@type\":\"ListItem\",\"position\":2,\"name\":\"Wingen\"}]},{\"@type\":\"WebSite\",\"@id\":\"https:\\\/\\\/www.surf-makkum.com\\\/#website\",\"url\":\"https:\\\/\\\/www.surf-makkum.com\\\/\",\"name\":\"Surf N Sail Makkum\",\"description\":\"\",\"publisher\":{\"@id\":\"https:\\\/\\\/www.surf-makkum.com\\\/#organization\"},\"potentialAction\":[{\"@type\":\"SearchAction\",\"target\":{\"@type\":\"EntryPoint\",\"urlTemplate\":\"https:\\\/\\\/www.surf-makkum.com\\\/?s={search_term_string}\"},\"query-input\":{\"@type\":\"PropertyValueSpecification\",\"valueRequired\":true,\"valueName\":\"search_term_string\"}}],\"inLanguage\":\"de\"},{\"@type\":\"Organization\",\"@id\":\"https:\\\/\\\/www.surf-makkum.com\\\/#organization\",\"name\":\"Surf N Sail Makkum\",\"url\":\"https:\\\/\\\/www.surf-makkum.com\\\/\",\"logo\":{\"@type\":\"ImageObject\",\"inLanguage\":\"de\",\"@id\":\"https:\\\/\\\/www.surf-makkum.com\\\/#\\\/schema\\\/logo\\\/image\\\/\",\"url\":\"https:\\\/\\\/www.surf-makkum.com\\\/wp-content\\\/uploads\\\/2021\\\/07\\\/cropped-surf-n-sail-makkum-favicon.png\",\"contentUrl\":\"https:\\\/\\\/www.surf-makkum.com\\\/wp-content\\\/uploads\\\/2021\\\/07\\\/cropped-surf-n-sail-makkum-favicon.png\",\"width\":512,\"height\":512,\"caption\":\"Surf N Sail Makkum\"},\"image\":{\"@id\":\"https:\\\/\\\/www.surf-makkum.com\\\/#\\\/schema\\\/logo\\\/image\\\/\"},\"sameAs\":[\"https:\\\/\\\/nl-nl.facebook.com\\\/surfnsailmakkum\\\/\",\"https:\\\/\\\/www.instagram.com\\\/surfnsailmakkum\\\/\"]}]}<\/script>\n<!-- \/ Yoast SEO plugin. -->","yoast_head_json":{"title":"Wingen | Catamaran | Surf N Sail","description":"Wingsurfen ist eine sehr zug\u00e4ngliche Sportart f\u00fcr Jung und Alt. Bei Surf N Sail Makkum geben wir dir in 1,5 Stunden eine Einf\u00fchrung ins Wingsurfen","robots":{"index":"index","follow":"follow","max-snippet":"max-snippet:-1","max-image-preview":"max-image-preview:large","max-video-preview":"max-video-preview:-1"},"canonical":"https:\/\/www.surf-makkum.com\/de\/wingen\/","og_locale":"de_DE","og_type":"article","og_title":"Wingen | Catamaran | Surf N Sail","og_description":"Wingsurfen ist eine sehr zug\u00e4ngliche Sportart f\u00fcr Jung und Alt. Bei Surf N Sail Makkum geben wir dir in 1,5 Stunden eine Einf\u00fchrung ins Wingsurfen","og_url":"https:\/\/www.surf-makkum.com\/de\/wingen\/","og_site_name":"Surf N Sail Makkum","article_publisher":"https:\/\/nl-nl.facebook.com\/surfnsailmakkum\/","article_modified_time":"2026-04-24T09:18:59+00:00","og_image":[{"url":"https:\/\/www.surf-makkum.com\/wp-content\/uploads\/2021\/03\/Logos_Merken-7.png","type":"","width":"","height":""}],"twitter_card":"summary_large_image","schema":{"@context":"https:\/\/schema.org","@graph":[{"@type":"WebPage","@id":"https:\/\/www.surf-makkum.com\/de\/wingen\/","url":"https:\/\/www.surf-makkum.com\/de\/wingen\/","name":"Wingen | Catamaran | Surf N Sail","isPartOf":{"@id":"https:\/\/www.surf-makkum.com\/#website"},"primaryImageOfPage":{"@id":"https:\/\/www.surf-makkum.com\/de\/wingen\/#primaryimage"},"image":{"@id":"https:\/\/www.surf-makkum.com\/de\/wingen\/#primaryimage"},"thumbnailUrl":"https:\/\/www.surf-makkum.com\/wp-content\/uploads\/2021\/03\/Logos_Merken-7.png","datePublished":"2026-04-24T09:18:58+00:00","dateModified":"2026-04-24T09:18:59+00:00","description":"Wingsurfen ist eine sehr zug\u00e4ngliche Sportart f\u00fcr Jung und Alt. Bei Surf N Sail Makkum geben wir dir in 1,5 Stunden eine Einf\u00fchrung ins Wingsurfen","breadcrumb":{"@id":"https:\/\/www.surf-makkum.com\/de\/wingen\/#breadcrumb"},"inLanguage":"de","potentialAction":[{"@type":"ReadAction","target":["https:\/\/www.surf-makkum.com\/de\/wingen\/"]}]},{"@type":"ImageObject","inLanguage":"de","@id":"https:\/\/www.surf-makkum.com\/de\/wingen\/#primaryimage","url":"https:\/\/www.surf-makkum.com\/wp-content\/uploads\/2021\/03\/Logos_Merken-7.png","contentUrl":"https:\/\/www.surf-makkum.com\/wp-content\/uploads\/2021\/03\/Logos_Merken-7.png"},{"@type":"BreadcrumbList","@id":"https:\/\/www.surf-makkum.com\/de\/wingen\/#breadcrumb","itemListElement":[{"@type":"ListItem","position":1,"name":"Home","item":"https:\/\/www.surf-makkum.com\/de\/"},{"@type":"ListItem","position":2,"name":"Wingen"}]},{"@type":"WebSite","@id":"https:\/\/www.surf-makkum.com\/#website","url":"https:\/\/www.surf-makkum.com\/","name":"Surf N Sail Makkum","description":"","publisher":{"@id":"https:\/\/www.surf-makkum.com\/#organization"},"potentialAction":[{"@type":"SearchAction","target":{"@type":"EntryPoint","urlTemplate":"https:\/\/www.surf-makkum.com\/?s={search_term_string}"},"query-input":{"@type":"PropertyValueSpecification","valueRequired":true,"valueName":"search_term_string"}}],"inLanguage":"de"},{"@type":"Organization","@id":"https:\/\/www.surf-makkum.com\/#organization","name":"Surf N Sail Makkum","url":"https:\/\/www.surf-makkum.com\/","logo":{"@type":"ImageObject","inLanguage":"de","@id":"https:\/\/www.surf-makkum.com\/#\/schema\/logo\/image\/","url":"https:\/\/www.surf-makkum.com\/wp-content\/uploads\/2021\/07\/cropped-surf-n-sail-makkum-favicon.png","contentUrl":"https:\/\/www.surf-makkum.com\/wp-content\/uploads\/2021\/07\/cropped-surf-n-sail-makkum-favicon.png","width":512,"height":512,"caption":"Surf N Sail Makkum"},"image":{"@id":"https:\/\/www.surf-makkum.com\/#\/schema\/logo\/image\/"},"sameAs":["https:\/\/nl-nl.facebook.com\/surfnsailmakkum\/","https:\/\/www.instagram.com\/surfnsailmakkum\/"]}]}},"_links":{"self":[{"href":"https:\/\/www.surf-makkum.com\/de\/wp-json\/wp\/v2\/pages\/13490","targetHints":{"allow":["GET"]}}],"collection":[{"href":"https:\/\/www.surf-makkum.com\/de\/wp-json\/wp\/v2\/pages"}],"about":[{"href":"https:\/\/www.surf-makkum.com\/de\/wp-json\/wp\/v2\/types\/page"}],"author":[{"embeddable":true,"href":"https:\/\/www.surf-makkum.com\/de\/wp-json\/wp\/v2\/users\/12"}],"replies":[{"embeddable":true,"href":"https:\/\/www.surf-makkum.com\/de\/wp-json\/wp\/v2\/comments?post=13490"}],"version-history":[{"count":1,"href":"https:\/\/www.surf-makkum.com\/de\/wp-json\/wp\/v2\/pages\/13490\/revisions"}],"predecessor-version":[{"id":13491,"href":"https:\/\/www.surf-makkum.com\/de\/wp-json\/wp\/v2\/pages\/13490\/revisions\/13491"}],"wp:attachment":[{"href":"https:\/\/www.surf-makkum.com\/de\/wp-json\/wp\/v2\/media?parent=13490"}],"curies":[{"name":"wp","href":"https:\/\/api.w.org\/{rel}","templated":true}]}}