{"id":11249,"date":"2021-06-30T14:21:22","date_gmt":"2021-06-30T12:21:22","guid":{"rendered":"https:\/\/surfnsail.beeldrijmers.nl\/?page_id=11249"},"modified":"2026-04-24T10:07:32","modified_gmt":"2026-04-24T08:07:32","slug":"gruppenaktivitaeten","status":"publish","type":"page","link":"https:\/\/www.surf-makkum.com\/de\/gruppenaktivitaeten\/","title":{"rendered":"Gruppenaktivit\u00e4ten"},"content":{"rendered":"\t\t<div data-elementor-type=\"wp-page\" data-elementor-id=\"11249\" class=\"elementor elementor-11249 elementor-7620\" data-elementor-post-type=\"page\">\n\t\t\t\t\t\t<section class=\"elementor-section elementor-top-section elementor-element elementor-element-991ffd7 elementor-section-height-min-height banner elementor-section-boxed elementor-section-height-default elementor-section-items-middle\" data-id=\"991ffd7\" data-element_type=\"section\" data-e-type=\"section\" data-settings=\"{&quot;background_background&quot;:&quot;classic&quot;,&quot;shape_divider_bottom&quot;:&quot;triangle&quot;,&quot;shape_divider_bottom_negative&quot;:&quot;yes&quot;}\">\n\t\t\t\t\t\t\t<div class=\"elementor-background-overlay\"><\/div>\n\t\t\t\t\t\t<div class=\"elementor-shape elementor-shape-bottom\" aria-hidden=\"true\" data-negative=\"true\">\n\t\t\t<svg xmlns=\"http:\/\/www.w3.org\/2000\/svg\" viewBox=\"0 0 1000 100\" preserveAspectRatio=\"none\">\n\t<path class=\"elementor-shape-fill\" d=\"M500.2,94.7L0,0v100h1000V0L500.2,94.7z\"\/>\n<\/svg>\t\t<\/div>\n\t\t\t\t\t<div class=\"elementor-container elementor-column-gap-default\">\n\t\t\t\t\t<div class=\"elementor-column elementor-col-100 elementor-top-column elementor-element elementor-element-c37d13e\" data-id=\"c37d13e\" data-element_type=\"column\" data-e-type=\"column\">\n\t\t\t<div class=\"elementor-widget-wrap elementor-element-populated\">\n\t\t\t\t\t\t<div class=\"elementor-element elementor-element-e2af1b5 page-title elementor-widget elementor-widget-heading\" data-id=\"e2af1b5\" data-element_type=\"widget\" data-e-type=\"widget\" data-widget_type=\"heading.default\">\n\t\t\t\t<div class=\"elementor-widget-container\">\n\t\t\t\t\t<h1 class=\"elementor-heading-title elementor-size-default\">Gruppen<div>aktivit\u00e4ten<\/div><\/h1>\t\t\t\t<\/div>\n\t\t\t\t<\/div>\n\t\t\t\t\t<\/div>\n\t\t<\/div>\n\t\t\t\t\t<\/div>\n\t\t<\/section>\n\t\t\t\t<section class=\"elementor-section elementor-top-section elementor-element elementor-element-b166aec space elementor-section-boxed elementor-section-height-default elementor-section-height-default\" data-id=\"b166aec\" data-element_type=\"section\" data-e-type=\"section\">\n\t\t\t\t\t\t<div class=\"elementor-container elementor-column-gap-default\">\n\t\t\t\t\t<div class=\"elementor-column elementor-col-33 elementor-top-column elementor-element elementor-element-d9d3537\" data-id=\"d9d3537\" data-element_type=\"column\" data-e-type=\"column\">\n\t\t\t<div class=\"elementor-widget-wrap\">\n\t\t\t\t\t\t\t<\/div>\n\t\t<\/div>\n\t\t\t\t<div class=\"elementor-column elementor-col-33 elementor-top-column elementor-element elementor-element-4dd8dc1\" data-id=\"4dd8dc1\" data-element_type=\"column\" data-e-type=\"column\">\n\t\t\t<div class=\"elementor-widget-wrap elementor-element-populated\">\n\t\t\t\t\t\t<div class=\"elementor-element elementor-element-35293ae elementor-widget elementor-widget-heading\" data-id=\"35293ae\" data-element_type=\"widget\" data-e-type=\"widget\" data-widget_type=\"heading.default\">\n\t\t\t\t<div class=\"elementor-widget-container\">\n\t\t\t\t\t<h2 class=\"elementor-heading-title elementor-size-default\">Gruppen und Parteien<\/h2>\t\t\t\t<\/div>\n\t\t\t\t<\/div>\n\t\t\t\t<div class=\"elementor-element elementor-element-5636056 elementor-widget elementor-widget-text-editor\" data-id=\"5636056\" data-element_type=\"widget\" data-e-type=\"widget\" data-widget_type=\"text-editor.default\">\n\t\t\t\t<div class=\"elementor-widget-container\">\n\t\t\t\t\t\t\t\t\t<p>Surf N Sail organisiert seit Jahren mit viel Enthusiasmus und Kreativit\u00e4t Gruppenaktivit\u00e4ten. Von Kinder- und Junggesellenfeiern, Schulklassen bis hin zu Teambuilding-Aktivit\u00e4ten f\u00fcr Unternehmen. Wir verf\u00fcgen \u00fcber die Materialien, die Instruktoren und einen fantastischen (festen) Standort am Strand f\u00fcr einen unvergesslichen Tag (oder Teil des Tages).  <\/p>\n<p>Neben einer Reihe fester Arrangements k\u00f6nnen wir unsere Einrichtungen auch f\u00fcr ein ma\u00dfgeschneidertes Programm einsetzen. Es gibt M\u00f6glichkeiten f\u00fcr Grillabende, Mittagessen usw. <\/p>\n\t\t\t\t\t\t\t\t<\/div>\n\t\t\t\t<\/div>\n\t\t\t\t<div class=\"elementor-element elementor-element-428d431 elementor-align-center elementor-mobile-align-center beast elementor-widget elementor-widget-button\" data-id=\"428d431\" data-element_type=\"widget\" data-e-type=\"widget\" data-widget_type=\"button.default\">\n\t\t\t\t<div class=\"elementor-widget-container\">\n\t\t\t\t\t\t\t\t\t<div class=\"elementor-button-wrapper\">\n\t\t\t\t\t<a class=\"elementor-button elementor-button-link elementor-size-md\" href=\"https:\/\/www.surf-makkum.com\/contact\/\">\n\t\t\t\t\t\t<span class=\"elementor-button-content-wrapper\">\n\t\t\t\t\t\t\t\t\t<span class=\"elementor-button-text\">ANRUFEN \/ MAILEN<\/span>\n\t\t\t\t\t<\/span>\n\t\t\t\t\t<\/a>\n\t\t\t\t<\/div>\n\t\t\t\t\t\t\t\t<\/div>\n\t\t\t\t<\/div>\n\t\t\t\t\t<\/div>\n\t\t<\/div>\n\t\t\t\t<div class=\"elementor-column elementor-col-33 elementor-top-column elementor-element elementor-element-9726645\" data-id=\"9726645\" data-element_type=\"column\" data-e-type=\"column\">\n\t\t\t<div class=\"elementor-widget-wrap\">\n\t\t\t\t\t\t\t<\/div>\n\t\t<\/div>\n\t\t\t\t\t<\/div>\n\t\t<\/section>\n\t\t\t\t<section class=\"elementor-section elementor-top-section elementor-element elementor-element-26fc68b space elementor-section-boxed elementor-section-height-default elementor-section-height-default\" data-id=\"26fc68b\" data-element_type=\"section\" data-e-type=\"section\">\n\t\t\t\t\t\t<div class=\"elementor-container elementor-column-gap-default\">\n\t\t\t\t\t<div class=\"elementor-column elementor-col-100 elementor-top-column elementor-element elementor-element-9813a83\" data-id=\"9813a83\" data-element_type=\"column\" data-e-type=\"column\">\n\t\t\t<div class=\"elementor-widget-wrap elementor-element-populated\">\n\t\t\t\t\t\t<div class=\"elementor-element elementor-element-aea6e40 elementor-widget elementor-widget-image-gallery\" data-id=\"aea6e40\" data-element_type=\"widget\" data-e-type=\"widget\" data-widget_type=\"image-gallery.default\">\n\t\t\t\t<div class=\"elementor-widget-container\">\n\t\t\t\t\t\t\t<div class=\"elementor-image-gallery\">\n\t\t\t\n\t\t<style type=\"text\/css\">\n\t\t\t#gallery-1 {\n\t\t\t\tmargin: auto;\n\t\t\t}\n\t\t\t#gallery-1 .gallery-item {\n\t\t\t\tfloat: left;\n\t\t\t\tmargin-top: 10px;\n\t\t\t\ttext-align: center;\n\t\t\t\twidth: 33%;\n\t\t\t}\n\t\t\t#gallery-1 img {\n\t\t\t\tborder: 2px solid #cfcfcf;\n\t\t\t}\n\t\t\t#gallery-1 .gallery-caption {\n\t\t\t\tmargin-left: 0;\n\t\t\t}\n\t\t\t\/* see gallery_shortcode() in wp-includes\/media.php *\/\n\t\t<\/style>\n\t\t<div id='gallery-1' class='gallery galleryid-11249 gallery-columns-3 gallery-size-full'><dl class='gallery-item'>\n\t\t\t<dt class='gallery-icon landscape'>\n\t\t\t\t<img fetchpriority=\"high\" decoding=\"async\" width=\"600\" height=\"300\" src=\"https:\/\/www.surf-makkum.com\/wp-content\/uploads\/2021\/03\/Logos_Merken-12.png\" class=\"attachment-full size-full\" alt=\"\" srcset=\"https:\/\/www.surf-makkum.com\/wp-content\/uploads\/2021\/03\/Logos_Merken-12.png 600w, https:\/\/www.surf-makkum.com\/wp-content\/uploads\/2021\/03\/Logos_Merken-12-250x125.png 250w, https:\/\/www.surf-makkum.com\/wp-content\/uploads\/2021\/03\/Logos_Merken-12-120x60.png 120w\" sizes=\"(max-width: 600px) 100vw, 600px\" \/>\n\t\t\t<\/dt><\/dl><dl class='gallery-item'>\n\t\t\t<dt class='gallery-icon landscape'>\n\t\t\t\t<img decoding=\"async\" width=\"600\" height=\"300\" src=\"https:\/\/www.surf-makkum.com\/wp-content\/uploads\/2021\/03\/Logos_Merken-9.png\" class=\"attachment-full size-full\" alt=\"\" srcset=\"https:\/\/www.surf-makkum.com\/wp-content\/uploads\/2021\/03\/Logos_Merken-9.png 600w, https:\/\/www.surf-makkum.com\/wp-content\/uploads\/2021\/03\/Logos_Merken-9-250x125.png 250w, https:\/\/www.surf-makkum.com\/wp-content\/uploads\/2021\/03\/Logos_Merken-9-120x60.png 120w\" sizes=\"(max-width: 600px) 100vw, 600px\" \/>\n\t\t\t<\/dt><\/dl><dl class='gallery-item'>\n\t\t\t<dt class='gallery-icon landscape'>\n\t\t\t\t<img decoding=\"async\" width=\"600\" height=\"300\" src=\"https:\/\/www.surf-makkum.com\/wp-content\/uploads\/2021\/03\/Logos_Merken-2.png\" class=\"attachment-full size-full\" alt=\"\" srcset=\"https:\/\/www.surf-makkum.com\/wp-content\/uploads\/2021\/03\/Logos_Merken-2.png 600w, https:\/\/www.surf-makkum.com\/wp-content\/uploads\/2021\/03\/Logos_Merken-2-250x125.png 250w, https:\/\/www.surf-makkum.com\/wp-content\/uploads\/2021\/03\/Logos_Merken-2-120x60.png 120w\" sizes=\"(max-width: 600px) 100vw, 600px\" \/>\n\t\t\t<\/dt><\/dl><br style=\"clear: both\" \/>\n\t\t<\/div>\n\t\t<\/div>\n\t\t\t\t\t\t<\/div>\n\t\t\t\t<\/div>\n\t\t\t\t\t<\/div>\n\t\t<\/div>\n\t\t\t\t\t<\/div>\n\t\t<\/section>\n\t\t\t\t<\/div>\n\t\t","protected":false},"excerpt":{"rendered":"Gruppenaktivit\u00e4ten Gruppen und Parteien Surf N Sail organisiert seit Jahren mit viel Enthusiasmus und Kreativit\u00e4t Gruppenaktivit\u00e4ten. Von Kinder- und Junggesellenfeiern, Schulklassen bis hin zu Teambuilding-Aktivit\u00e4ten f\u00fcr Unternehmen. Wir verf\u00fcgen \u00fcber die Materialien, die Instruktoren und einen fantastischen (festen) Standort am Strand f\u00fcr einen unvergesslichen Tag (oder Teil des Tages). Neben einer Reihe fester Arrangements k\u00f6nnen&#8230; <a class=\"view-article\" href=\"https:\/\/www.surf-makkum.com\/de\/gruppenaktivitaeten\/\">View Article<\/a>","protected":false},"author":5,"featured_media":0,"parent":0,"menu_order":0,"comment_status":"closed","ping_status":"closed","template":"","meta":{"footnotes":""},"class_list":["post-11249","page","type-page","status-publish","hentry"],"yoast_head":"<!-- This site is optimized with the Yoast SEO plugin v27.3 - https:\/\/yoast.com\/product\/yoast-seo-wordpress\/ -->\n<title>Gruppenaktivit\u00e4t | Makkum | Surf N Sail<\/title>\n<meta name=\"description\" content=\"Betriebsausflug in Makkum, Friesland? Verschiedene Gruppenaktivit\u00e4ten bei Surf N Sail. Mit u.a. Windsurfkursen, Kitesurfkursen, Grillen oder Mittagessen.\" \/>\n<meta name=\"robots\" content=\"index, follow, max-snippet:-1, max-image-preview:large, max-video-preview:-1\" \/>\n<link rel=\"canonical\" href=\"https:\/\/www.surf-makkum.com\/de\/gruppenaktivitaeten\/\" \/>\n<meta property=\"og:locale\" content=\"de_DE\" \/>\n<meta property=\"og:type\" content=\"article\" \/>\n<meta property=\"og:title\" content=\"Gruppenaktivit\u00e4t | Makkum | Surf N Sail\" \/>\n<meta property=\"og:description\" content=\"Betriebsausflug in Makkum, Friesland? Verschiedene Gruppenaktivit\u00e4ten bei Surf N Sail. Mit u.a. Windsurfkursen, Kitesurfkursen, Grillen oder Mittagessen.\" \/>\n<meta property=\"og:url\" content=\"https:\/\/www.surf-makkum.com\/de\/gruppenaktivitaeten\/\" \/>\n<meta property=\"og:site_name\" content=\"Surf N Sail Makkum\" \/>\n<meta property=\"article:publisher\" content=\"https:\/\/nl-nl.facebook.com\/surfnsailmakkum\/\" \/>\n<meta property=\"article:modified_time\" content=\"2026-04-24T08:07:32+00:00\" \/>\n<meta property=\"og:image\" content=\"https:\/\/www.surf-makkum.com\/wp-content\/uploads\/2021\/03\/Logos_Merken-12.png\" \/>\n<meta name=\"twitter:card\" content=\"summary_large_image\" \/>\n<meta name=\"twitter:label1\" content=\"Gesch\u00e4tzte Lesezeit\" \/>\n\t<meta name=\"twitter:data1\" content=\"2\u00a0Minuten\" \/>\n<script type=\"application\/ld+json\" class=\"yoast-schema-graph\">{\"@context\":\"https:\\\/\\\/schema.org\",\"@graph\":[{\"@type\":\"WebPage\",\"@id\":\"https:\\\/\\\/www.surf-makkum.com\\\/de\\\/gruppenaktivitaeten\\\/\",\"url\":\"https:\\\/\\\/www.surf-makkum.com\\\/de\\\/gruppenaktivitaeten\\\/\",\"name\":\"Gruppenaktivit\u00e4t | Makkum | Surf N Sail\",\"isPartOf\":{\"@id\":\"https:\\\/\\\/www.surf-makkum.com\\\/#website\"},\"primaryImageOfPage\":{\"@id\":\"https:\\\/\\\/www.surf-makkum.com\\\/de\\\/gruppenaktivitaeten\\\/#primaryimage\"},\"image\":{\"@id\":\"https:\\\/\\\/www.surf-makkum.com\\\/de\\\/gruppenaktivitaeten\\\/#primaryimage\"},\"thumbnailUrl\":\"https:\\\/\\\/www.surf-makkum.com\\\/wp-content\\\/uploads\\\/2021\\\/03\\\/Logos_Merken-12.png\",\"datePublished\":\"2021-06-30T12:21:22+00:00\",\"dateModified\":\"2026-04-24T08:07:32+00:00\",\"description\":\"Betriebsausflug in Makkum, Friesland? Verschiedene Gruppenaktivit\u00e4ten bei Surf N Sail. Mit u.a. Windsurfkursen, Kitesurfkursen, Grillen oder Mittagessen.\",\"breadcrumb\":{\"@id\":\"https:\\\/\\\/www.surf-makkum.com\\\/de\\\/gruppenaktivitaeten\\\/#breadcrumb\"},\"inLanguage\":\"de\",\"potentialAction\":[{\"@type\":\"ReadAction\",\"target\":[\"https:\\\/\\\/www.surf-makkum.com\\\/de\\\/gruppenaktivitaeten\\\/\"]}]},{\"@type\":\"ImageObject\",\"inLanguage\":\"de\",\"@id\":\"https:\\\/\\\/www.surf-makkum.com\\\/de\\\/gruppenaktivitaeten\\\/#primaryimage\",\"url\":\"https:\\\/\\\/www.surf-makkum.com\\\/wp-content\\\/uploads\\\/2021\\\/03\\\/Logos_Merken-12.png\",\"contentUrl\":\"https:\\\/\\\/www.surf-makkum.com\\\/wp-content\\\/uploads\\\/2021\\\/03\\\/Logos_Merken-12.png\"},{\"@type\":\"BreadcrumbList\",\"@id\":\"https:\\\/\\\/www.surf-makkum.com\\\/de\\\/gruppenaktivitaeten\\\/#breadcrumb\",\"itemListElement\":[{\"@type\":\"ListItem\",\"position\":1,\"name\":\"Home\",\"item\":\"https:\\\/\\\/www.surf-makkum.com\\\/de\\\/\"},{\"@type\":\"ListItem\",\"position\":2,\"name\":\"Gruppenaktivit\u00e4ten\"}]},{\"@type\":\"WebSite\",\"@id\":\"https:\\\/\\\/www.surf-makkum.com\\\/#website\",\"url\":\"https:\\\/\\\/www.surf-makkum.com\\\/\",\"name\":\"Surf N Sail Makkum\",\"description\":\"\",\"publisher\":{\"@id\":\"https:\\\/\\\/www.surf-makkum.com\\\/#organization\"},\"potentialAction\":[{\"@type\":\"SearchAction\",\"target\":{\"@type\":\"EntryPoint\",\"urlTemplate\":\"https:\\\/\\\/www.surf-makkum.com\\\/?s={search_term_string}\"},\"query-input\":{\"@type\":\"PropertyValueSpecification\",\"valueRequired\":true,\"valueName\":\"search_term_string\"}}],\"inLanguage\":\"de\"},{\"@type\":\"Organization\",\"@id\":\"https:\\\/\\\/www.surf-makkum.com\\\/#organization\",\"name\":\"Surf N Sail Makkum\",\"url\":\"https:\\\/\\\/www.surf-makkum.com\\\/\",\"logo\":{\"@type\":\"ImageObject\",\"inLanguage\":\"de\",\"@id\":\"https:\\\/\\\/www.surf-makkum.com\\\/#\\\/schema\\\/logo\\\/image\\\/\",\"url\":\"https:\\\/\\\/www.surf-makkum.com\\\/wp-content\\\/uploads\\\/2021\\\/07\\\/cropped-surf-n-sail-makkum-favicon.png\",\"contentUrl\":\"https:\\\/\\\/www.surf-makkum.com\\\/wp-content\\\/uploads\\\/2021\\\/07\\\/cropped-surf-n-sail-makkum-favicon.png\",\"width\":512,\"height\":512,\"caption\":\"Surf N Sail Makkum\"},\"image\":{\"@id\":\"https:\\\/\\\/www.surf-makkum.com\\\/#\\\/schema\\\/logo\\\/image\\\/\"},\"sameAs\":[\"https:\\\/\\\/nl-nl.facebook.com\\\/surfnsailmakkum\\\/\",\"https:\\\/\\\/www.instagram.com\\\/surfnsailmakkum\\\/\"]}]}<\/script>\n<!-- \/ Yoast SEO plugin. -->","yoast_head_json":{"title":"Gruppenaktivit\u00e4t | Makkum | Surf N Sail","description":"Betriebsausflug in Makkum, Friesland? Verschiedene Gruppenaktivit\u00e4ten bei Surf N Sail. Mit u.a. Windsurfkursen, Kitesurfkursen, Grillen oder Mittagessen.","robots":{"index":"index","follow":"follow","max-snippet":"max-snippet:-1","max-image-preview":"max-image-preview:large","max-video-preview":"max-video-preview:-1"},"canonical":"https:\/\/www.surf-makkum.com\/de\/gruppenaktivitaeten\/","og_locale":"de_DE","og_type":"article","og_title":"Gruppenaktivit\u00e4t | Makkum | Surf N Sail","og_description":"Betriebsausflug in Makkum, Friesland? Verschiedene Gruppenaktivit\u00e4ten bei Surf N Sail. Mit u.a. Windsurfkursen, Kitesurfkursen, Grillen oder Mittagessen.","og_url":"https:\/\/www.surf-makkum.com\/de\/gruppenaktivitaeten\/","og_site_name":"Surf N Sail Makkum","article_publisher":"https:\/\/nl-nl.facebook.com\/surfnsailmakkum\/","article_modified_time":"2026-04-24T08:07:32+00:00","og_image":[{"url":"https:\/\/www.surf-makkum.com\/wp-content\/uploads\/2021\/03\/Logos_Merken-12.png","type":"","width":"","height":""}],"twitter_card":"summary_large_image","twitter_misc":{"Gesch\u00e4tzte Lesezeit":"2\u00a0Minuten"},"schema":{"@context":"https:\/\/schema.org","@graph":[{"@type":"WebPage","@id":"https:\/\/www.surf-makkum.com\/de\/gruppenaktivitaeten\/","url":"https:\/\/www.surf-makkum.com\/de\/gruppenaktivitaeten\/","name":"Gruppenaktivit\u00e4t | Makkum | Surf N Sail","isPartOf":{"@id":"https:\/\/www.surf-makkum.com\/#website"},"primaryImageOfPage":{"@id":"https:\/\/www.surf-makkum.com\/de\/gruppenaktivitaeten\/#primaryimage"},"image":{"@id":"https:\/\/www.surf-makkum.com\/de\/gruppenaktivitaeten\/#primaryimage"},"thumbnailUrl":"https:\/\/www.surf-makkum.com\/wp-content\/uploads\/2021\/03\/Logos_Merken-12.png","datePublished":"2021-06-30T12:21:22+00:00","dateModified":"2026-04-24T08:07:32+00:00","description":"Betriebsausflug in Makkum, Friesland? Verschiedene Gruppenaktivit\u00e4ten bei Surf N Sail. Mit u.a. Windsurfkursen, Kitesurfkursen, Grillen oder Mittagessen.","breadcrumb":{"@id":"https:\/\/www.surf-makkum.com\/de\/gruppenaktivitaeten\/#breadcrumb"},"inLanguage":"de","potentialAction":[{"@type":"ReadAction","target":["https:\/\/www.surf-makkum.com\/de\/gruppenaktivitaeten\/"]}]},{"@type":"ImageObject","inLanguage":"de","@id":"https:\/\/www.surf-makkum.com\/de\/gruppenaktivitaeten\/#primaryimage","url":"https:\/\/www.surf-makkum.com\/wp-content\/uploads\/2021\/03\/Logos_Merken-12.png","contentUrl":"https:\/\/www.surf-makkum.com\/wp-content\/uploads\/2021\/03\/Logos_Merken-12.png"},{"@type":"BreadcrumbList","@id":"https:\/\/www.surf-makkum.com\/de\/gruppenaktivitaeten\/#breadcrumb","itemListElement":[{"@type":"ListItem","position":1,"name":"Home","item":"https:\/\/www.surf-makkum.com\/de\/"},{"@type":"ListItem","position":2,"name":"Gruppenaktivit\u00e4ten"}]},{"@type":"WebSite","@id":"https:\/\/www.surf-makkum.com\/#website","url":"https:\/\/www.surf-makkum.com\/","name":"Surf N Sail Makkum","description":"","publisher":{"@id":"https:\/\/www.surf-makkum.com\/#organization"},"potentialAction":[{"@type":"SearchAction","target":{"@type":"EntryPoint","urlTemplate":"https:\/\/www.surf-makkum.com\/?s={search_term_string}"},"query-input":{"@type":"PropertyValueSpecification","valueRequired":true,"valueName":"search_term_string"}}],"inLanguage":"de"},{"@type":"Organization","@id":"https:\/\/www.surf-makkum.com\/#organization","name":"Surf N Sail Makkum","url":"https:\/\/www.surf-makkum.com\/","logo":{"@type":"ImageObject","inLanguage":"de","@id":"https:\/\/www.surf-makkum.com\/#\/schema\/logo\/image\/","url":"https:\/\/www.surf-makkum.com\/wp-content\/uploads\/2021\/07\/cropped-surf-n-sail-makkum-favicon.png","contentUrl":"https:\/\/www.surf-makkum.com\/wp-content\/uploads\/2021\/07\/cropped-surf-n-sail-makkum-favicon.png","width":512,"height":512,"caption":"Surf N Sail Makkum"},"image":{"@id":"https:\/\/www.surf-makkum.com\/#\/schema\/logo\/image\/"},"sameAs":["https:\/\/nl-nl.facebook.com\/surfnsailmakkum\/","https:\/\/www.instagram.com\/surfnsailmakkum\/"]}]}},"_links":{"self":[{"href":"https:\/\/www.surf-makkum.com\/de\/wp-json\/wp\/v2\/pages\/11249","targetHints":{"allow":["GET"]}}],"collection":[{"href":"https:\/\/www.surf-makkum.com\/de\/wp-json\/wp\/v2\/pages"}],"about":[{"href":"https:\/\/www.surf-makkum.com\/de\/wp-json\/wp\/v2\/types\/page"}],"author":[{"embeddable":true,"href":"https:\/\/www.surf-makkum.com\/de\/wp-json\/wp\/v2\/users\/5"}],"replies":[{"embeddable":true,"href":"https:\/\/www.surf-makkum.com\/de\/wp-json\/wp\/v2\/comments?post=11249"}],"version-history":[{"count":2,"href":"https:\/\/www.surf-makkum.com\/de\/wp-json\/wp\/v2\/pages\/11249\/revisions"}],"predecessor-version":[{"id":13479,"href":"https:\/\/www.surf-makkum.com\/de\/wp-json\/wp\/v2\/pages\/11249\/revisions\/13479"}],"wp:attachment":[{"href":"https:\/\/www.surf-makkum.com\/de\/wp-json\/wp\/v2\/media?parent=11249"}],"curies":[{"name":"wp","href":"https:\/\/api.w.org\/{rel}","templated":true}]}}