{"id":11243,"date":"2021-06-30T13:45:46","date_gmt":"2021-06-30T11:45:46","guid":{"rendered":"https:\/\/surfnsail.beeldrijmers.nl\/?page_id=11243"},"modified":"2025-02-23T18:21:01","modified_gmt":"2025-02-23T17:21:01","slug":"katamaran","status":"publish","type":"page","link":"https:\/\/www.surf-makkum.com\/de\/katamaran\/","title":{"rendered":"Katamaran"},"content":{"rendered":"\t\t<div data-elementor-type=\"wp-page\" data-elementor-id=\"11243\" class=\"elementor elementor-11243 elementor-7550\" data-elementor-post-type=\"page\">\n\t\t\t\t\t\t<section class=\"elementor-section elementor-top-section elementor-element elementor-element-b249dd4 elementor-section-height-min-height banner elementor-section-boxed elementor-section-height-default elementor-section-items-middle\" data-id=\"b249dd4\" data-element_type=\"section\" data-e-type=\"section\" data-settings=\"{&quot;background_background&quot;:&quot;classic&quot;,&quot;shape_divider_bottom&quot;:&quot;triangle&quot;,&quot;shape_divider_bottom_negative&quot;:&quot;yes&quot;}\">\n\t\t\t\t\t\t\t<div class=\"elementor-background-overlay\"><\/div>\n\t\t\t\t\t\t<div class=\"elementor-shape elementor-shape-bottom\" aria-hidden=\"true\" data-negative=\"true\">\n\t\t\t<svg xmlns=\"http:\/\/www.w3.org\/2000\/svg\" viewBox=\"0 0 1000 100\" preserveAspectRatio=\"none\">\n\t<path class=\"elementor-shape-fill\" d=\"M500.2,94.7L0,0v100h1000V0L500.2,94.7z\"\/>\n<\/svg>\t\t<\/div>\n\t\t\t\t\t<div class=\"elementor-container elementor-column-gap-default\">\n\t\t\t\t\t<div class=\"elementor-column elementor-col-100 elementor-top-column elementor-element elementor-element-3db8045\" data-id=\"3db8045\" data-element_type=\"column\" data-e-type=\"column\">\n\t\t\t<div class=\"elementor-widget-wrap elementor-element-populated\">\n\t\t\t\t\t\t<div class=\"elementor-element elementor-element-82a0d41 page-title elementor-widget elementor-widget-heading\" data-id=\"82a0d41\" data-element_type=\"widget\" data-e-type=\"widget\" data-widget_type=\"heading.default\">\n\t\t\t\t<div class=\"elementor-widget-container\">\n\t\t\t\t\t<h1 class=\"elementor-heading-title elementor-size-default\">katamaran<\/h1>\t\t\t\t<\/div>\n\t\t\t\t<\/div>\n\t\t\t\t<div class=\"elementor-element elementor-element-89e2166 elementor-widget elementor-widget-heading\" data-id=\"89e2166\" data-element_type=\"widget\" data-e-type=\"widget\" data-widget_type=\"heading.default\">\n\t\t\t\t<div class=\"elementor-widget-container\">\n\t\t\t\t\t<h3 class=\"elementor-heading-title elementor-size-default\">unterricht<\/h3>\t\t\t\t<\/div>\n\t\t\t\t<\/div>\n\t\t\t\t\t<\/div>\n\t\t<\/div>\n\t\t\t\t\t<\/div>\n\t\t<\/section>\n\t\t\t\t<section class=\"elementor-section elementor-top-section elementor-element elementor-element-783ab0a space elementor-section-boxed elementor-section-height-default elementor-section-height-default\" data-id=\"783ab0a\" data-element_type=\"section\" data-e-type=\"section\">\n\t\t\t\t\t\t<div class=\"elementor-container elementor-column-gap-default\">\n\t\t\t\t\t<div class=\"elementor-column elementor-col-33 elementor-top-column elementor-element elementor-element-fcba604\" data-id=\"fcba604\" data-element_type=\"column\" data-e-type=\"column\">\n\t\t\t<div class=\"elementor-widget-wrap\">\n\t\t\t\t\t\t\t<\/div>\n\t\t<\/div>\n\t\t\t\t<div class=\"elementor-column elementor-col-33 elementor-top-column elementor-element elementor-element-0b06b51\" data-id=\"0b06b51\" data-element_type=\"column\" data-e-type=\"column\">\n\t\t\t<div class=\"elementor-widget-wrap elementor-element-populated\">\n\t\t\t\t\t\t<div class=\"elementor-element elementor-element-3aa74d3 elementor-widget elementor-widget-text-editor\" data-id=\"3aa74d3\" data-element_type=\"widget\" data-e-type=\"widget\" data-widget_type=\"text-editor.default\">\n\t\t\t\t<div class=\"elementor-widget-container\">\n\t\t\t\t\t\t\t\t\t<p>Katamaransegeln ist die spektakul\u00e4rste Form des Segelns. Erleben Sie hohe Geschwindigkeiten und erfahren\u00a0Sie einen echten Adrenalinkick! Surf en Sail bietet verschiedene Kurse und Lehrnm\u00f6glichkeiten an. Bei uns ist\u00a0Ihnen SPASS &amp; Sicherheit bei diesem fantastischen Sport garantiert.<\/p><p>Surf N Sail ist zertifiziert und angeschlossen bei dem VDWS. Der VDWS ist international das einzige fu\u0308hrende\u00a0Wassersportinstitut fu\u0308r Windsurfen, Kitesurfen, Suppen und Katamaransegeln. Der Unterricht wird von erfahrenen\u00a0und qualifizierten Lehrern nach dem vom VDWS und uns aufgestellten Lernsystem gegeben. Dieses Lernsystem\u00a0ist so aufgebaut, dass jeder ab 14 Jahren am Unterricht teilnehmen kann.<\/p>\t\t\t\t\t\t\t\t<\/div>\n\t\t\t\t<\/div>\n\t\t\t\t\t<\/div>\n\t\t<\/div>\n\t\t\t\t<div class=\"elementor-column elementor-col-33 elementor-top-column elementor-element elementor-element-edb1450\" data-id=\"edb1450\" data-element_type=\"column\" data-e-type=\"column\">\n\t\t\t<div class=\"elementor-widget-wrap\">\n\t\t\t\t\t\t\t<\/div>\n\t\t<\/div>\n\t\t\t\t\t<\/div>\n\t\t<\/section>\n\t\t\t\t<section class=\"elementor-section elementor-top-section elementor-element elementor-element-64f05d8 space purple-section2 elementor-section-boxed elementor-section-height-default elementor-section-height-default\" data-id=\"64f05d8\" data-element_type=\"section\" data-e-type=\"section\" data-settings=\"{&quot;background_background&quot;:&quot;classic&quot;}\">\n\t\t\t\t\t\t\t<div class=\"elementor-background-overlay\"><\/div>\n\t\t\t\t\t\t\t<div class=\"elementor-container elementor-column-gap-default\">\n\t\t\t\t\t<div class=\"elementor-column elementor-col-100 elementor-top-column elementor-element elementor-element-e3e93d9\" data-id=\"e3e93d9\" data-element_type=\"column\" data-e-type=\"column\">\n\t\t\t<div class=\"elementor-widget-wrap elementor-element-populated\">\n\t\t\t\t\t\t<div class=\"elementor-element elementor-element-8c89121 elementor-widget elementor-widget-heading\" data-id=\"8c89121\" data-element_type=\"widget\" data-e-type=\"widget\" data-widget_type=\"heading.default\">\n\t\t\t\t<div class=\"elementor-widget-container\">\n\t\t\t\t\t<h2 class=\"elementor-heading-title elementor-size-default\">Kurse buchen<\/h2>\t\t\t\t<\/div>\n\t\t\t\t<\/div>\n\t\t\t\t<section class=\"elementor-section elementor-inner-section elementor-element elementor-element-4073a65 elementor-section-boxed elementor-section-height-default elementor-section-height-default\" data-id=\"4073a65\" data-element_type=\"section\" data-e-type=\"section\">\n\t\t\t\t\t\t<div class=\"elementor-container elementor-column-gap-default\">\n\t\t\t\t\t<div class=\"elementor-column elementor-col-50 elementor-inner-column elementor-element elementor-element-263e233 orange-box\" data-id=\"263e233\" data-element_type=\"column\" data-e-type=\"column\" data-settings=\"{&quot;background_background&quot;:&quot;classic&quot;}\">\n\t\t\t<div class=\"elementor-widget-wrap elementor-element-populated\">\n\t\t\t\t\t\t<div class=\"elementor-element elementor-element-f0dd6f5 elementor-widget elementor-widget-heading\" data-id=\"f0dd6f5\" data-element_type=\"widget\" data-e-type=\"widget\" data-widget_type=\"heading.default\">\n\t\t\t\t<div class=\"elementor-widget-container\">\n\t\t\t\t\t<h3 class=\"elementor-heading-title elementor-size-default\">UMSTEIGERKURS<\/h3>\t\t\t\t<\/div>\n\t\t\t\t<\/div>\n\t\t\t\t<div class=\"elementor-element elementor-element-1d1e8e4 elementor-widget elementor-widget-wp-widget-custom_html\" data-id=\"1d1e8e4\" data-element_type=\"widget\" data-e-type=\"widget\" data-widget_type=\"wp-widget-custom_html.default\">\n\t\t\t\t<div class=\"elementor-widget-container\">\n\t\t\t\t\t<div class=\"textwidget custom-html-widget\">6 Kursstunden davon 1 Stunde Theorie. F\u00fcr Surfer oder Segler mit ausreichenden Vorkenntnissen. Inklusive Nutzung von Ausr\u00fcstung, Schwimmwesten, Pr\u00fcfungsgeb\u00fchren und international anerkanntem VDWS-Diplom.<\/div>\t\t\t\t<\/div>\n\t\t\t\t<\/div>\n\t\t\t\t<div class=\"elementor-element elementor-element-bcbabed elementor-widget elementor-widget-wp-widget-custom_html\" data-id=\"bcbabed\" data-element_type=\"widget\" data-e-type=\"widget\" data-widget_type=\"wp-widget-custom_html.default\">\n\t\t\t\t<div class=\"elementor-widget-container\">\n\t\t\t\t\t<h5>Dauer:<\/h5><div class=\"textwidget custom-html-widget\">6 Stunden<\/div>\t\t\t\t<\/div>\n\t\t\t\t<\/div>\n\t\t\t\t<div class=\"elementor-element elementor-element-d388a87 elementor-widget elementor-widget-wp-widget-custom_html\" data-id=\"d388a87\" data-element_type=\"widget\" data-e-type=\"widget\" data-widget_type=\"wp-widget-custom_html.default\">\n\t\t\t\t<div class=\"elementor-widget-container\">\n\t\t\t\t\t<h5>Preis:<\/h5><div class=\"textwidget custom-html-widget\">\u20ac 275,-<\/div>\t\t\t\t<\/div>\n\t\t\t\t<\/div>\n\t\t\t\t<div class=\"elementor-element elementor-element-b3182fb orange-item text-white elementor-widget elementor-widget-wp-widget-custom_html\" data-id=\"b3182fb\" data-element_type=\"widget\" data-e-type=\"widget\" data-widget_type=\"wp-widget-custom_html.default\">\n\t\t\t\t<div class=\"elementor-widget-container\">\n\t\t\t\t\t<div class=\"textwidget custom-html-widget\"><a href=\"https:\/\/www.surf-makkum.com\/contact\/\">Anrufen \/ mail<\/a><\/div>\t\t\t\t<\/div>\n\t\t\t\t<\/div>\n\t\t\t\t\t<\/div>\n\t\t<\/div>\n\t\t\t\t<div class=\"elementor-column elementor-col-50 elementor-inner-column elementor-element elementor-element-e64e002 orange-box\" data-id=\"e64e002\" data-element_type=\"column\" data-e-type=\"column\" data-settings=\"{&quot;background_background&quot;:&quot;classic&quot;}\">\n\t\t\t<div class=\"elementor-widget-wrap elementor-element-populated\">\n\t\t\t\t\t\t<div class=\"elementor-element elementor-element-8321dfd elementor-widget elementor-widget-heading\" data-id=\"8321dfd\" data-element_type=\"widget\" data-e-type=\"widget\" data-widget_type=\"heading.default\">\n\t\t\t\t<div class=\"elementor-widget-container\">\n\t\t\t\t\t<h3 class=\"elementor-heading-title elementor-size-default\">einsteigerkurs<\/h3>\t\t\t\t<\/div>\n\t\t\t\t<\/div>\n\t\t\t\t<div class=\"elementor-element elementor-element-18d7500 elementor-widget elementor-widget-wp-widget-custom_html\" data-id=\"18d7500\" data-element_type=\"widget\" data-e-type=\"widget\" data-widget_type=\"wp-widget-custom_html.default\">\n\t\t\t\t<div class=\"elementor-widget-container\">\n\t\t\t\t\t<div class=\"textwidget custom-html-widget\">10 Kursstunden davon 2 Stunden Theorie. Der Kurs ist inklusive Ausr\u00fcstung, Schwimmwesten,\r\nPr\u00fcfungsgeb\u00fchren und dem international anerkannte VDWS-Diplom.<\/div>\t\t\t\t<\/div>\n\t\t\t\t<\/div>\n\t\t\t\t<div class=\"elementor-element elementor-element-041862c elementor-widget elementor-widget-wp-widget-custom_html\" data-id=\"041862c\" data-element_type=\"widget\" data-e-type=\"widget\" data-widget_type=\"wp-widget-custom_html.default\">\n\t\t\t\t<div class=\"elementor-widget-container\">\n\t\t\t\t\t<h5>Dauer:<\/h5><div class=\"textwidget custom-html-widget\">10 Stunden<\/div>\t\t\t\t<\/div>\n\t\t\t\t<\/div>\n\t\t\t\t<div class=\"elementor-element elementor-element-1b6cef3 elementor-widget elementor-widget-wp-widget-custom_html\" data-id=\"1b6cef3\" data-element_type=\"widget\" data-e-type=\"widget\" data-widget_type=\"wp-widget-custom_html.default\">\n\t\t\t\t<div class=\"elementor-widget-container\">\n\t\t\t\t\t<h5>Preis:<\/h5><div class=\"textwidget custom-html-widget\">\u20ac  325,-<\/div>\t\t\t\t<\/div>\n\t\t\t\t<\/div>\n\t\t\t\t<div class=\"elementor-element elementor-element-09ae2c1 orange-item text-white elementor-widget elementor-widget-wp-widget-custom_html\" data-id=\"09ae2c1\" data-element_type=\"widget\" data-e-type=\"widget\" data-widget_type=\"wp-widget-custom_html.default\">\n\t\t\t\t<div class=\"elementor-widget-container\">\n\t\t\t\t\t<div class=\"textwidget custom-html-widget\"><a href=\"https:\/\/www.surf-makkum.com\/contact\/\">Anrufen \/ mail<\/a><\/div>\t\t\t\t<\/div>\n\t\t\t\t<\/div>\n\t\t\t\t\t<\/div>\n\t\t<\/div>\n\t\t\t\t\t<\/div>\n\t\t<\/section>\n\t\t\t\t<div class=\"elementor-element elementor-element-998a5c3 elementor-widget elementor-widget-heading\" data-id=\"998a5c3\" data-element_type=\"widget\" data-e-type=\"widget\" data-widget_type=\"heading.default\">\n\t\t\t\t<div class=\"elementor-widget-container\">\n\t\t\t\t\t<h2 class=\"elementor-heading-title elementor-size-default\">verleih<\/h2>\t\t\t\t<\/div>\n\t\t\t\t<\/div>\n\t\t\t\t<div class=\"elementor-element elementor-element-70cf3c4 elementor-widget elementor-widget-text-editor\" data-id=\"70cf3c4\" data-element_type=\"widget\" data-e-type=\"widget\" data-widget_type=\"text-editor.default\">\n\t\t\t\t<div class=\"elementor-widget-container\">\n\t\t\t\t\t\t\t\t\t<p>Surf N Sail verwendet fu\u0308r die Vermietung eines Catamaran zu folgenden Preisen:<\/p><p>2 Stunden: \u20ac 70<br \/>10 Stunden: \u20ac 250,-<\/p><p>Die Mietpreise sind inkl. Trapez, und Schwimmwesten (Kaution \u20ac200)<\/p>\t\t\t\t\t\t\t\t<\/div>\n\t\t\t\t<\/div>\n\t\t\t\t\t<\/div>\n\t\t<\/div>\n\t\t\t\t\t<\/div>\n\t\t<\/section>\n\t\t\t\t<section class=\"elementor-section elementor-top-section elementor-element elementor-element-13b65dc space elementor-section-boxed elementor-section-height-default elementor-section-height-default\" data-id=\"13b65dc\" data-element_type=\"section\" data-e-type=\"section\">\n\t\t\t\t\t\t<div class=\"elementor-container elementor-column-gap-default\">\n\t\t\t\t\t<div class=\"elementor-column elementor-col-100 elementor-top-column elementor-element elementor-element-e34c581\" data-id=\"e34c581\" data-element_type=\"column\" data-e-type=\"column\">\n\t\t\t<div class=\"elementor-widget-wrap elementor-element-populated\">\n\t\t\t\t\t\t<div class=\"elementor-element elementor-element-c8123e6 elementor-widget elementor-widget-image-gallery\" data-id=\"c8123e6\" data-element_type=\"widget\" data-e-type=\"widget\" data-widget_type=\"image-gallery.default\">\n\t\t\t\t<div class=\"elementor-widget-container\">\n\t\t\t\t\t\t\t<div class=\"elementor-image-gallery\">\n\t\t\t\n\t\t<style type=\"text\/css\">\n\t\t\t#gallery-1 {\n\t\t\t\tmargin: auto;\n\t\t\t}\n\t\t\t#gallery-1 .gallery-item {\n\t\t\t\tfloat: left;\n\t\t\t\tmargin-top: 10px;\n\t\t\t\ttext-align: center;\n\t\t\t\twidth: 33%;\n\t\t\t}\n\t\t\t#gallery-1 img {\n\t\t\t\tborder: 2px solid #cfcfcf;\n\t\t\t}\n\t\t\t#gallery-1 .gallery-caption {\n\t\t\t\tmargin-left: 0;\n\t\t\t}\n\t\t\t\/* see gallery_shortcode() in wp-includes\/media.php *\/\n\t\t<\/style>\n\t\t<div id='gallery-1' class='gallery galleryid-11243 gallery-columns-3 gallery-size-full'><dl class='gallery-item'>\n\t\t\t<dt class='gallery-icon landscape'>\n\t\t\t\t<img fetchpriority=\"high\" decoding=\"async\" width=\"600\" height=\"300\" src=\"https:\/\/www.surf-makkum.com\/wp-content\/uploads\/2021\/03\/Logos_Merken-14.png\" class=\"attachment-full size-full\" alt=\"\" srcset=\"https:\/\/www.surf-makkum.com\/wp-content\/uploads\/2021\/03\/Logos_Merken-14.png 600w, https:\/\/www.surf-makkum.com\/wp-content\/uploads\/2021\/03\/Logos_Merken-14-250x125.png 250w, https:\/\/www.surf-makkum.com\/wp-content\/uploads\/2021\/03\/Logos_Merken-14-120x60.png 120w\" sizes=\"(max-width: 600px) 100vw, 600px\" \/>\n\t\t\t<\/dt><\/dl><dl class='gallery-item'>\n\t\t\t<dt class='gallery-icon landscape'>\n\t\t\t\t<img decoding=\"async\" width=\"600\" height=\"300\" src=\"https:\/\/www.surf-makkum.com\/wp-content\/uploads\/2021\/03\/Logos_Merken-13.png\" class=\"attachment-full size-full\" alt=\"\" srcset=\"https:\/\/www.surf-makkum.com\/wp-content\/uploads\/2021\/03\/Logos_Merken-13.png 600w, https:\/\/www.surf-makkum.com\/wp-content\/uploads\/2021\/03\/Logos_Merken-13-250x125.png 250w, https:\/\/www.surf-makkum.com\/wp-content\/uploads\/2021\/03\/Logos_Merken-13-120x60.png 120w\" sizes=\"(max-width: 600px) 100vw, 600px\" \/>\n\t\t\t<\/dt><\/dl>\n\t\t\t<br style='clear: both' \/>\n\t\t<\/div>\n\t\t<\/div>\n\t\t\t\t\t\t<\/div>\n\t\t\t\t<\/div>\n\t\t\t\t\t<\/div>\n\t\t<\/div>\n\t\t\t\t\t<\/div>\n\t\t<\/section>\n\t\t\t\t<\/div>\n\t\t","protected":false},"excerpt":{"rendered":"katamaran unterricht Katamaransegeln ist die spektakul\u00c3\u00a4rste Form des Segelns. Erleben Sie hohe Geschwindigkeiten und erfahren\u00c2\u00a0Sie einen echten Adrenalinkick! Surf en Sail bietet verschiedene Kurse und Lehrnm\u00c3\u00b6glichkeiten an. Bei uns ist\u00c2\u00a0Ihnen SPASS &amp; Sicherheit bei diesem fantastischen Sport garantiert. Surf N Sail ist zertifiziert und angeschlossen bei dem VDWS. Der VDWS ist international das einzige fu\u00cc\u02c6hrende\u00c2\u00a0Wassersportinstitut&#8230; <a class=\"view-article\" href=\"https:\/\/www.surf-makkum.com\/de\/katamaran\/\">View Article<\/a>","protected":false},"author":5,"featured_media":0,"parent":0,"menu_order":0,"comment_status":"closed","ping_status":"closed","template":"","meta":{"footnotes":""},"class_list":["post-11243","page","type-page","status-publish","hentry"],"yoast_head":"<!-- This site is optimized with the Yoast SEO plugin v27.3 - https:\/\/yoast.com\/product\/yoast-seo-wordpress\/ -->\n<title>Segeln I Katamaran I Surf N Sail<\/title>\n<meta name=\"description\" content=\"Segeln auf dem IJsselmeer in Makkum, Friesland? Buchen Sie jetzt ihren Unterricht im Katamaran-Segeln oder mieten Sie einen Katamaran bei Surf N Sail. Wir sind angeschlossen bei dem VDWS.\" \/>\n<meta name=\"robots\" content=\"index, follow, max-snippet:-1, max-image-preview:large, max-video-preview:-1\" \/>\n<link rel=\"canonical\" href=\"https:\/\/www.surf-makkum.com\/de\/katamaran\/\" \/>\n<meta property=\"og:locale\" content=\"de_DE\" \/>\n<meta property=\"og:type\" content=\"article\" \/>\n<meta property=\"og:title\" content=\"Segeln I Katamaran I Surf N Sail\" \/>\n<meta property=\"og:description\" content=\"Segeln auf dem IJsselmeer in Makkum, Friesland? Buchen Sie jetzt ihren Unterricht im Katamaran-Segeln oder mieten Sie einen Katamaran bei Surf N Sail. Wir sind angeschlossen bei dem VDWS.\" \/>\n<meta property=\"og:url\" content=\"https:\/\/www.surf-makkum.com\/de\/katamaran\/\" \/>\n<meta property=\"og:site_name\" content=\"Surf N Sail Makkum\" \/>\n<meta property=\"article:publisher\" content=\"https:\/\/nl-nl.facebook.com\/surfnsailmakkum\/\" \/>\n<meta property=\"article:modified_time\" content=\"2025-02-23T17:21:01+00:00\" \/>\n<meta property=\"og:image\" content=\"https:\/\/www.surf-makkum.com\/wp-content\/uploads\/2021\/03\/Logos_Merken-14.png\" \/>\n<meta name=\"twitter:card\" content=\"summary_large_image\" \/>\n<meta name=\"twitter:label1\" content=\"Gesch\u00e4tzte Lesezeit\" \/>\n\t<meta name=\"twitter:data1\" content=\"2\u00a0Minuten\" \/>\n<script type=\"application\/ld+json\" class=\"yoast-schema-graph\">{\"@context\":\"https:\\\/\\\/schema.org\",\"@graph\":[{\"@type\":\"WebPage\",\"@id\":\"https:\\\/\\\/www.surf-makkum.com\\\/de\\\/katamaran\\\/\",\"url\":\"https:\\\/\\\/www.surf-makkum.com\\\/de\\\/katamaran\\\/\",\"name\":\"Segeln I Katamaran I Surf N Sail\",\"isPartOf\":{\"@id\":\"https:\\\/\\\/www.surf-makkum.com\\\/#website\"},\"primaryImageOfPage\":{\"@id\":\"https:\\\/\\\/www.surf-makkum.com\\\/de\\\/katamaran\\\/#primaryimage\"},\"image\":{\"@id\":\"https:\\\/\\\/www.surf-makkum.com\\\/de\\\/katamaran\\\/#primaryimage\"},\"thumbnailUrl\":\"https:\\\/\\\/www.surf-makkum.com\\\/wp-content\\\/uploads\\\/2021\\\/03\\\/Logos_Merken-14.png\",\"datePublished\":\"2021-06-30T11:45:46+00:00\",\"dateModified\":\"2025-02-23T17:21:01+00:00\",\"description\":\"Segeln auf dem IJsselmeer in Makkum, Friesland? Buchen Sie jetzt ihren Unterricht im Katamaran-Segeln oder mieten Sie einen Katamaran bei Surf N Sail. Wir sind angeschlossen bei dem VDWS.\",\"breadcrumb\":{\"@id\":\"https:\\\/\\\/www.surf-makkum.com\\\/de\\\/katamaran\\\/#breadcrumb\"},\"inLanguage\":\"de\",\"potentialAction\":[{\"@type\":\"ReadAction\",\"target\":[\"https:\\\/\\\/www.surf-makkum.com\\\/de\\\/katamaran\\\/\"]}]},{\"@type\":\"ImageObject\",\"inLanguage\":\"de\",\"@id\":\"https:\\\/\\\/www.surf-makkum.com\\\/de\\\/katamaran\\\/#primaryimage\",\"url\":\"https:\\\/\\\/www.surf-makkum.com\\\/wp-content\\\/uploads\\\/2021\\\/03\\\/Logos_Merken-14.png\",\"contentUrl\":\"https:\\\/\\\/www.surf-makkum.com\\\/wp-content\\\/uploads\\\/2021\\\/03\\\/Logos_Merken-14.png\"},{\"@type\":\"BreadcrumbList\",\"@id\":\"https:\\\/\\\/www.surf-makkum.com\\\/de\\\/katamaran\\\/#breadcrumb\",\"itemListElement\":[{\"@type\":\"ListItem\",\"position\":1,\"name\":\"Home\",\"item\":\"https:\\\/\\\/www.surf-makkum.com\\\/de\\\/\"},{\"@type\":\"ListItem\",\"position\":2,\"name\":\"Katamaran\"}]},{\"@type\":\"WebSite\",\"@id\":\"https:\\\/\\\/www.surf-makkum.com\\\/#website\",\"url\":\"https:\\\/\\\/www.surf-makkum.com\\\/\",\"name\":\"Surf N Sail Makkum\",\"description\":\"\",\"publisher\":{\"@id\":\"https:\\\/\\\/www.surf-makkum.com\\\/#organization\"},\"potentialAction\":[{\"@type\":\"SearchAction\",\"target\":{\"@type\":\"EntryPoint\",\"urlTemplate\":\"https:\\\/\\\/www.surf-makkum.com\\\/?s={search_term_string}\"},\"query-input\":{\"@type\":\"PropertyValueSpecification\",\"valueRequired\":true,\"valueName\":\"search_term_string\"}}],\"inLanguage\":\"de\"},{\"@type\":\"Organization\",\"@id\":\"https:\\\/\\\/www.surf-makkum.com\\\/#organization\",\"name\":\"Surf N Sail Makkum\",\"url\":\"https:\\\/\\\/www.surf-makkum.com\\\/\",\"logo\":{\"@type\":\"ImageObject\",\"inLanguage\":\"de\",\"@id\":\"https:\\\/\\\/www.surf-makkum.com\\\/#\\\/schema\\\/logo\\\/image\\\/\",\"url\":\"https:\\\/\\\/www.surf-makkum.com\\\/wp-content\\\/uploads\\\/2021\\\/07\\\/cropped-surf-n-sail-makkum-favicon.png\",\"contentUrl\":\"https:\\\/\\\/www.surf-makkum.com\\\/wp-content\\\/uploads\\\/2021\\\/07\\\/cropped-surf-n-sail-makkum-favicon.png\",\"width\":512,\"height\":512,\"caption\":\"Surf N Sail Makkum\"},\"image\":{\"@id\":\"https:\\\/\\\/www.surf-makkum.com\\\/#\\\/schema\\\/logo\\\/image\\\/\"},\"sameAs\":[\"https:\\\/\\\/nl-nl.facebook.com\\\/surfnsailmakkum\\\/\",\"https:\\\/\\\/www.instagram.com\\\/surfnsailmakkum\\\/\"]}]}<\/script>\n<!-- \/ Yoast SEO plugin. -->","yoast_head_json":{"title":"Segeln I Katamaran I Surf N Sail","description":"Segeln auf dem IJsselmeer in Makkum, Friesland? Buchen Sie jetzt ihren Unterricht im Katamaran-Segeln oder mieten Sie einen Katamaran bei Surf N Sail. Wir sind angeschlossen bei dem VDWS.","robots":{"index":"index","follow":"follow","max-snippet":"max-snippet:-1","max-image-preview":"max-image-preview:large","max-video-preview":"max-video-preview:-1"},"canonical":"https:\/\/www.surf-makkum.com\/de\/katamaran\/","og_locale":"de_DE","og_type":"article","og_title":"Segeln I Katamaran I Surf N Sail","og_description":"Segeln auf dem IJsselmeer in Makkum, Friesland? Buchen Sie jetzt ihren Unterricht im Katamaran-Segeln oder mieten Sie einen Katamaran bei Surf N Sail. Wir sind angeschlossen bei dem VDWS.","og_url":"https:\/\/www.surf-makkum.com\/de\/katamaran\/","og_site_name":"Surf N Sail Makkum","article_publisher":"https:\/\/nl-nl.facebook.com\/surfnsailmakkum\/","article_modified_time":"2025-02-23T17:21:01+00:00","og_image":[{"url":"https:\/\/www.surf-makkum.com\/wp-content\/uploads\/2021\/03\/Logos_Merken-14.png","type":"","width":"","height":""}],"twitter_card":"summary_large_image","twitter_misc":{"Gesch\u00e4tzte Lesezeit":"2\u00a0Minuten"},"schema":{"@context":"https:\/\/schema.org","@graph":[{"@type":"WebPage","@id":"https:\/\/www.surf-makkum.com\/de\/katamaran\/","url":"https:\/\/www.surf-makkum.com\/de\/katamaran\/","name":"Segeln I Katamaran I Surf N Sail","isPartOf":{"@id":"https:\/\/www.surf-makkum.com\/#website"},"primaryImageOfPage":{"@id":"https:\/\/www.surf-makkum.com\/de\/katamaran\/#primaryimage"},"image":{"@id":"https:\/\/www.surf-makkum.com\/de\/katamaran\/#primaryimage"},"thumbnailUrl":"https:\/\/www.surf-makkum.com\/wp-content\/uploads\/2021\/03\/Logos_Merken-14.png","datePublished":"2021-06-30T11:45:46+00:00","dateModified":"2025-02-23T17:21:01+00:00","description":"Segeln auf dem IJsselmeer in Makkum, Friesland? Buchen Sie jetzt ihren Unterricht im Katamaran-Segeln oder mieten Sie einen Katamaran bei Surf N Sail. Wir sind angeschlossen bei dem VDWS.","breadcrumb":{"@id":"https:\/\/www.surf-makkum.com\/de\/katamaran\/#breadcrumb"},"inLanguage":"de","potentialAction":[{"@type":"ReadAction","target":["https:\/\/www.surf-makkum.com\/de\/katamaran\/"]}]},{"@type":"ImageObject","inLanguage":"de","@id":"https:\/\/www.surf-makkum.com\/de\/katamaran\/#primaryimage","url":"https:\/\/www.surf-makkum.com\/wp-content\/uploads\/2021\/03\/Logos_Merken-14.png","contentUrl":"https:\/\/www.surf-makkum.com\/wp-content\/uploads\/2021\/03\/Logos_Merken-14.png"},{"@type":"BreadcrumbList","@id":"https:\/\/www.surf-makkum.com\/de\/katamaran\/#breadcrumb","itemListElement":[{"@type":"ListItem","position":1,"name":"Home","item":"https:\/\/www.surf-makkum.com\/de\/"},{"@type":"ListItem","position":2,"name":"Katamaran"}]},{"@type":"WebSite","@id":"https:\/\/www.surf-makkum.com\/#website","url":"https:\/\/www.surf-makkum.com\/","name":"Surf N Sail Makkum","description":"","publisher":{"@id":"https:\/\/www.surf-makkum.com\/#organization"},"potentialAction":[{"@type":"SearchAction","target":{"@type":"EntryPoint","urlTemplate":"https:\/\/www.surf-makkum.com\/?s={search_term_string}"},"query-input":{"@type":"PropertyValueSpecification","valueRequired":true,"valueName":"search_term_string"}}],"inLanguage":"de"},{"@type":"Organization","@id":"https:\/\/www.surf-makkum.com\/#organization","name":"Surf N Sail Makkum","url":"https:\/\/www.surf-makkum.com\/","logo":{"@type":"ImageObject","inLanguage":"de","@id":"https:\/\/www.surf-makkum.com\/#\/schema\/logo\/image\/","url":"https:\/\/www.surf-makkum.com\/wp-content\/uploads\/2021\/07\/cropped-surf-n-sail-makkum-favicon.png","contentUrl":"https:\/\/www.surf-makkum.com\/wp-content\/uploads\/2021\/07\/cropped-surf-n-sail-makkum-favicon.png","width":512,"height":512,"caption":"Surf N Sail Makkum"},"image":{"@id":"https:\/\/www.surf-makkum.com\/#\/schema\/logo\/image\/"},"sameAs":["https:\/\/nl-nl.facebook.com\/surfnsailmakkum\/","https:\/\/www.instagram.com\/surfnsailmakkum\/"]}]}},"_links":{"self":[{"href":"https:\/\/www.surf-makkum.com\/de\/wp-json\/wp\/v2\/pages\/11243","targetHints":{"allow":["GET"]}}],"collection":[{"href":"https:\/\/www.surf-makkum.com\/de\/wp-json\/wp\/v2\/pages"}],"about":[{"href":"https:\/\/www.surf-makkum.com\/de\/wp-json\/wp\/v2\/types\/page"}],"author":[{"embeddable":true,"href":"https:\/\/www.surf-makkum.com\/de\/wp-json\/wp\/v2\/users\/5"}],"replies":[{"embeddable":true,"href":"https:\/\/www.surf-makkum.com\/de\/wp-json\/wp\/v2\/comments?post=11243"}],"version-history":[{"count":9,"href":"https:\/\/www.surf-makkum.com\/de\/wp-json\/wp\/v2\/pages\/11243\/revisions"}],"predecessor-version":[{"id":12969,"href":"https:\/\/www.surf-makkum.com\/de\/wp-json\/wp\/v2\/pages\/11243\/revisions\/12969"}],"wp:attachment":[{"href":"https:\/\/www.surf-makkum.com\/de\/wp-json\/wp\/v2\/media?parent=11243"}],"curies":[{"name":"wp","href":"https:\/\/api.w.org\/{rel}","templated":true}]}}